{"id":112,"date":"2016-08-30T15:34:28","date_gmt":"2016-08-30T15:34:28","guid":{"rendered":"http:\/\/homepage.behrendt-text.de\/?page_id=112"},"modified":"2019-07-02T07:38:10","modified_gmt":"2019-07-02T07:38:10","slug":"kontakt-impressum-datenschutzerklaerung","status":"publish","type":"page","link":"https:\/\/behrendt-text.de\/?page_id=112","title":{"rendered":"Kontakt      |      Impressum      |      Datenschutzerkl\u00e4rung"},"content":{"rendered":"<p class=\"mbText\"><span style=\"color: #ff6600;\">Verantwortlich f\u00fcr den Inhalt dieser Website:<\/span><\/p>\n<p>Dr. Michael Behrendt<br \/>\n- Text &amp; Konzeption -<br \/>\nFranziusstra\u00dfe 8-14 (im PIER F)<br \/>\n60314 Frankfurt am Main<br \/>\nted.behrendt(at)t-online.de<\/p>\n<p><i><a class=\"mblinkgreyi\" href=\"mailto:ted.behrendt@t-online.de\" target=\"_blank\" rel=\"noopener noreferrer\">Fragen kostet ja nichts: Schreiben Sie mir eine E-Mail!<\/a><\/i><\/p>\n<p>www.behrendt-text.de<\/p>\n<p>USt-IdNr.: DE243369378<br \/>\nSteuernummer: 012 805 39 164<\/p>\n<p>Trotz sorgf\u00e4ltiger inhaltlicher Kontrolle \u00fcbernimmt <i>Text &amp; Konzeption<\/i> keine Haftung f\u00fcr die Inhalte externer Links. F\u00fcr den Inhalt verlinkter Seiten sind ausschlie\u00dflich deren Betreiber verantwortlich.<\/p>\n<p><em>Aufmacherfotos: Michael Behrendt<\/em><\/p>\n<p class=\"mbgrey\"><i>Webdesign: <a class=\"mblinkgreyi\" href=\"http:\/\/www.textreich.net\" target=\"_blank\" rel=\"noopener noreferrer\">TEXTreich<\/a><\/i><\/p>\n<div>\n<p><span style=\"color: #ff6600; font-size: 14pt;\"><strong>Datenschutzerkl\u00e4rung<\/strong><\/span><\/p>\n<p><strong>Anbieter und verantwortliche Stelle im Sinne des Datenschutzgesetzes<\/strong><\/p>\n<p>Dr. Michael Behrendt<br \/>\nText &amp; Konzeption<br \/>\nFranziusstra\u00dfe 8-14 (im PIER F)<br \/>\n60314 Frankfurt am Main<br \/>\n<strong>Geltungsbereich<\/strong><\/p>\n<p>Nutzer erhalten mit dieser Datenschutzerkl\u00e4rung Information \u00fcber die Art, den Umfang und Zweck der Erhebung und Verwendung ihrer Daten durch den verantwortlichen Anbieter erhoben und verwendet werden.<\/p>\n<p>Den rechtlichen Rahmen f\u00fcr den Datenschutz bilden das Bundesdatenschutzgesetz (BDSG) und das Telemediengesetz (TMG).<\/p>\n<p><strong>Erfassung allgemeiner Informationen<\/strong><\/p>\n<p>Mit jedem Zugriff auf dieses Angebot werden durch uns bzw. den Webspace-Provider automatisch Informationen erfasst. Diese Informationen, auch als Server-Logfiles bezeichnet, sind allgemeiner Natur und erlauben keine R\u00fcckschl\u00fcsse auf Ihre Person.<\/p>\n<p>Erfasst werden unter anderem: Name der Webseite, Datei, Datum, Datenmenge, Webbrowser und Webbrowser-Version, Betriebssystem, der Domainname Ihres Internet-Providers, die sogenannte Referrer-URL (jene Seite, von der aus Sie auf unser Angebot zugegriffen haben) und die IP-Adresse.<\/p>\n<p>Ohne diese Daten w\u00e4re es technisch teils nicht m\u00f6glich, die Inhalte der Webseite auszuliefern und darzustellen. Insofern ist die Erfassung der Daten zwingend notwendig. Dar\u00fcber hinaus verwenden wir die anonymen Informationen f\u00fcr statistische Zwecke. Sie helfen uns bei der Optimierung des Angebots und der Technik. Wir behalten uns zudem das Recht vor, die Log-Files bei Verdacht auf eine rechtswidrige Nutzung unseres Angebotes nachtr\u00e4glich zu kontrollieren.<\/p>\n<p><strong>Umgang mit personenbezogenen Daten<\/strong><\/p>\n<p>Definition: Als personenbezogene Daten gelten alle Informationen, anhand derer eine Person eindeutig identifizierbar ist. Es handelt sich somit um Daten, die zu einer Person zur\u00fcckverfolgt werden k\u00f6nnen.<\/p>\n<p>Zu diesen personenbezogenen Daten z\u00e4hlen der Vorname und der Name, die Telefonnummer sowie die E-Mail-Adresse. Ebenso als personenbezogene Daten gelten Informationen zu Hobbys, Mitgliedschaften und Vorlieben sowie Internetseiten, die aufgerufen wurden.<\/p>\n<p>Diese Daten werden vom Anbieter nur erhoben, genutzt und gegebenenfalls weitergegeben, sofern der Gesetzgeber dies ausdr\u00fccklich erlaubt oder aber der Nutzer in die Erhebung, Bearbeitung, Nutzung und Weitergabe der Daten einwilligt.<\/p>\n<p><strong>Registrierung auf unserer Webseite<\/strong><\/p>\n<p>Registrieren Sie sich auf unserer Webseite, um personalisierte Leistungen in Anspruch zu nehmen, werden personenbezogene Daten erhoben. Dazu z\u00e4hlen der Name, die Anschrift sowie die Telefonnummer und die E-Mail-Adresse als Kontakt- und Kommunikationsdaten.<\/p>\n<p>Die Anmeldung erm\u00f6glicht den Zugriff auf Leistungen und Inhalte, die nur registrierten Nutzern zur Verf\u00fcgung stehen. Bei Bedarf haben angemeldete Nutzer die M\u00f6glichkeit, die im Rahmen der Registrierung genannten Daten jederzeit zu \u00e4ndern oder zu l\u00f6schen. Auf Wunsch teilen wir Ihnen selbstverst\u00e4ndlich mit, welche personenbezogenen Daten erhoben und gespeichert wurden. Dar\u00fcber hinaus berichtigen oder l\u00f6schen wir die Daten auf Anfrage, vorausgesetzt dem Anliegen stehen keine gesetzlichen Aufbewahrungspflichten entgegen. F\u00fcr R\u00fcckfragen sowie ihre Bitte um Korrektur oder L\u00f6schung der Daten nutzen Sie bitte die in dieser Datenschutzerkl\u00e4rung genannten Kontaktdaten.<\/p>\n<p><strong>Kommentarfunktion<\/strong><\/p>\n<p>Werden Kommentare oder sonstige Beitr\u00e4ge auf unserem Angebot verfasst und ver\u00f6ffentlicht, speichern wir die IP-Adresse, den Nutzernamen und den Zeitpunkt der Erstellung. Diese Daten werden aus Sicherheitsgr\u00fcnden erhoben, da der Anbieter f\u00fcr rechtswidrige Inhalte (verbotene Propaganda, Beleidigungen u. a.) belangt werden kann, auch wenn sie von dritter Seite erstellt wurden. In einem solchen Fall dienen die Informationen dazu, die Identit\u00e4t des Verfassers zu ermitteln.<\/p>\n<p><strong>Kommentarabonnement<\/strong><\/p>\n<p>Wenn Nutzer dieses Angebots Nachfolgekommentare abonnieren, erhalten sie eine Best\u00e4tigungsmail. Mit dieser E-Mail stellen wir sicher, dass der Nutzer auch tats\u00e4chlich Inhaber der genannten E-Mail-Adresse ist. Sie haben jederzeit die M\u00f6glichkeit, das Kommentarabonnement zu beenden. Hinweise dazu erhalten Sie zusammen mit der Best\u00e4tigungsmail.<\/p>\n<p><strong>Kontaktformular<\/strong><\/p>\n<p>Wenn Sie uns \u00fcber das Onlineformular oder per E-Mail kontaktieren, speichern wir die von Ihnen gemachten Angaben, um Ihre Anfrage beantworten und m\u00f6gliche Anschlussfragen stellen zu k\u00f6nnen.<\/p>\n<p><strong>Einbindung von Diensten und Inhalten Dritter<\/strong><\/p>\n<p>Unser Angebot umfasst mitunter Inhalte, Dienste und Leistungen anderer Anbieter. Das sind zum Beispiel Karten, die von Google-Maps zur Verf\u00fcgung gestellt werden, Videos von YouTube sowie Grafiken und Bilder anderer Webseiten. Damit diese Daten im Browser des Nutzers aufgerufen und dargestellt werden k\u00f6nnen, ist die \u00dcbermittlung der IP-Adresse zwingend notwendig. Die Anbieter (im Folgenden als \u201eDritt-Anbieter\u201c bezeichnet) nehmen also die IP-Adresse des jeweiligen Nutzers wahr.<\/p>\n<p>Auch wenn wir bem\u00fcht sind, ausschlie\u00dflich Dritt-Anbieter zu nutzen, welche die IP-Adresse nur ben\u00f6tigen, um Inhalte ausliefern zu k\u00f6nnen, haben wir keinen Einfluss darauf, ob die IP-Adresse m\u00f6glicherweise gespeichert wird. Dieser Vorgang dient in dem Fall unter anderem statistischen Zwecken. Sofern wir Kenntnis davon haben, dass die IP-Adresse gespeichert wird, weisen wir unsere Nutzer darauf hin.<\/p>\n<p><strong>Verwendung von Google Analytics<\/strong><\/p>\n<p>Diese Webseite benutzt Google Analytics, einen Webanalysedienst der Google Inc. (\u201cGoogle\u201d). Google Analytics verwendet sog. \u201cCookies\u201d, Textdateien, die auf Ihrem Computer gespeichert werden und die eine Analyse der Benutzung der Webseite durch Sie erm\u00f6glichen. Die durch den Cookie erzeugten Informationen \u00fcber Ihre Benutzung dieser Webseite werden in der Regel an einen Server von Google in den USA \u00fcbertragen und dort gespeichert. Aufgrund der Aktivierung der IP-Anonymisierung auf diesen Webseiten, wird Ihre IP-Adresse von Google jedoch innerhalb von Mitgliedstaaten der Europ\u00e4ischen Union oder in anderen Vertragsstaaten des Abkommens \u00fcber den Europ\u00e4ischen Wirtschaftsraum zuvor gek\u00fcrzt. Nur in Ausnahmef\u00e4llen wird die volle IP-Adresse an einen Server von Google in den USA \u00fcbertragen und dort gek\u00fcrzt.<\/p>\n<p>Im Auftrag des Betreibers dieser Webseite wird Google diese Informationen benutzen, um Ihre Nutzung der Webseite auszuwerten, um Reports \u00fcber die Webseitenaktivit\u00e4ten zusammenzustellen und um weitere mit der Webseitennutzung und der Internetnutzung verbundene Dienstleistungen gegen\u00fcber dem Webseitenbetreiber zu erbringen. Die im Rahmen von Google Analytics von Ihrem Browser \u00fcbermittelte IP-Adresse wird nicht mit anderen Daten von Google zusammengef\u00fchrt. Sie k\u00f6nnen die Speicherung der Cookies durch eine entsprechende Einstellung Ihrer Browser-Software verhindern. Wir weisen Sie jedoch darauf hin, dass Sie in diesem Fall gegebenenfalls nicht s\u00e4mtliche Funktionen dieser Webseite vollumf\u00e4nglich werden nutzen k\u00f6nnen.<\/p>\n<p>Sie k\u00f6nnen dar\u00fcber hinaus die Erfassung der durch das Cookie erzeugten und auf Ihre Nutzung der Webseite bezogenen Daten (inkl. Ihrer IP-Adresse) an Google sowie die Verarbeitung dieser Daten durch Google verhindern, indem sie das unter dem folgenden Link verf\u00fcgbare Browser-Plugin herunterladen und installieren: <a href=\"http:\/\/tools.google.com\/dlpage\/gaoptout?hl=de\">Browser Add On zur Deaktivierung von Google Analytics<\/a>.<\/p>\n<p>N\u00e4here Informationen zu Nutzungsbedingungen und Datenschutz finden Sie unter <a href=\"http:\/\/www.google.com\/analytics\/terms\/de.html\">http:\/\/www.google.com\/analytics\/terms\/de.html<\/a> bzw. unter <a href=\"https:\/\/www.google.de\/intl\/de\/policies\/\">https:\/\/www.google.de\/intl\/de\/policies\/<\/a>.<\/p>\n<p><strong>Facebook Social Plug-in<\/strong><\/p>\n<p>Wir binden auf unseren Webseiten Plug-ins des sozialen Netzwerks Facebook (Anschrift: 1601 South California Avenue, Palo Alto, CA 94304, USA) ein. Sie erkennen die Plug-ins - eine \u00dcbersicht finden Sie hier: <a href=\"http:\/\/developers.facebook.com\/docs\/plugins\/\">http:\/\/developers.facebook.com\/docs\/Plug-ins\/<\/a> - am Like-Button (Gef\u00e4llt mir) oder am Logo von Facebook.<\/p>\n<p>Rufen Sie eine unserer Webseiten mit Facebook Plug-in auf, wird eine direkte Verbindung mit Facebook aufgebaut. Auf die Art und den Umfang der Daten, die dabei von Facebook erhoben, gespeichert und verarbeitet werden, haben wir keinen Einfluss. Wir k\u00f6nnen Sie lediglich entsprechend unseres Kenntnisstandes informieren.<\/p>\n<p>Facebook wird \u00fcber das Plug-in informiert, dass Sie die entsprechende Webseite unseres Angebots aufgerufen haben. Das gilt auch f\u00fcr Nutzer, die nicht bei Facebook registriert sind. In dem Fall besteht die M\u00f6glichkeit, dass Facebook die IP-Adresse speichert.<\/p>\n<p>Sind Sie Mitglied bei Facebook und eingeloggt, kann der Aufruf einer Webseite mit Facebook Plug-in Ihrem Nutzerkonto bei Facebook eindeutig zugeordnet werden. Dar\u00fcber hinaus \u00fcbermitteln die Plug-ins alle Interaktionen, wenn Sie zum Beispiel den Like-Button nutzen oder einen Kommentar hinterlassen.<\/p>\n<p>Um zu verhindern, dass Facebook Daten \u00fcber Sie speichert, loggen Sie sich vor dem Besuch unserer Webseiten bitte bei Facebook aus. Sie k\u00f6nnen die Plug-ins dar\u00fcber hinaus mit Add-ons f\u00fcr den Browser blocken (zum Beispiel \u201eFacebook Blocker\u201c).<\/p>\n<p>Informationen zu den Datenschutzbestimmungen, dem Zweck und Umfang der Datenerfassung und Datenverarbeitung sowie den Einstellm\u00f6glichkeiten zum Schutz der Privatsph\u00e4re bei Facebook erhalten Sie hier: http:\/\/www.facebook.com\/privacy\/explanation.php.<\/p>\n<p><strong>Google+ Social Plug-in<\/strong><\/p>\n<p>Wir binden auf unseren Webseiten das Social Plug-in von Google+ (Google plus) ein, zu erkennen am \u201e+1\u201c Zeichen auf wei\u00dfem oder farbigem Hintergrund. Zur Verf\u00fcgung gestellt wird das Plug-in von Google Inc. (kurz Google, Anschrift: 1600 Amphitheatre Parkway, Mountain View, CA 94043, USA).<\/p>\n<p>Beim Aufruf einer Webseite mit Google+ Schaltfl\u00e4che wird eine Verbindung zu den Servern von Google aufgebaut. Google \u00fcbermittelt dabei den Inhalt der Schaltfl\u00e4che und bindet diesen auf der entsprechenden Webseite ein. Gleichzeitig erh\u00e4lt Google die Information, welche Seite gerade aufgerufen wurde. Personenbezogene Daten werden nach Aussage von Google erst dann erhoben, wenn auf die Schaltfl\u00e4che von Google+ geklickt wird. F\u00fcr Mitglieder von Google+, die eingeloggt sind, gilt: Auch ohne Interaktion speichert und verarbeitet Google zumindest die IP-Adresse. Auf den Umfang der Daten, die in diesem Zusammenhang gespeichert werden, haben wir keinen Einfluss.<\/p>\n<p>Nutzer von Google+, die in ihren Account eingeloggt sind, k\u00f6nnen unsere Webseiten mit einem Klick auf den \u201e+1\u201c-Button empfehlen. Google speichert in dem Fall nicht nur die IP-Adresse und den Browser, sondern auch den Inhalt, f\u00fcr den +1 gegeben wurde, und die Seite. Diese Informationen werden im Profil des Nutzers gespeichert und k\u00f6nnen zusammen mit dem Profilnamen und dem Bild des Nutzers in Google Diensten, zu denen auch die Suchergebnisse z\u00e4hlen, eingeblendet werden. Google nutzt die Daten unter anderem, um die eigenen Dienste zu optimieren. Hinweise zu den Datenschutzbestimmungen von Google und den Einstellm\u00f6glichkeiten zum Schutz der Privatsph\u00e4re finden Sie hier: http:\/\/www.google.de\/intl\/de\/policies\/privacy\/.<\/p>\n<p>Mitgliedern von Google Plus, die nicht m\u00f6chten, dass \u00fcber unsere Webseiten Daten von ihnen gesammelt und gespeichert werden, loggen sich vor dem Besuch unseres Angebots bitte aus ihrem Google+ Konto aus.<\/p>\n<p><strong>Twitter Social Plugin<\/strong><\/p>\n<p>Dieses Angebot nutzt Funktionen des Dienstes Twitter. Dieser wird durch die Twitter Inc., 1355 Market St, Suite 900, San Francisco, CA 94103, USA bereitgestellt. Twitter bietet die sog. \u201eTweet\u201c - Funktion an. Wenn Sie die Funktion von Twitter auf unseren Webseiten nutzen, werden die von Ihnen besuchten Webseiten mit Ihrem Twitter-Account verkn\u00fcpft und ggf. anderen Nutzern bekannt gegeben. Hierbei werden auch Daten an Twitter \u00fcbertragen.<\/p>\n<p>Von dem Inhalt der \u00fcbermittelten Daten und deren Nutzung durch Twitter erhalten wir als Anbieter keine Kenntnis. Weitere Informationen hierzu finden Sie in der Datenschutzerkl\u00e4rung von Twitter unter <a href=\"http:\/\/twitter.com\/privacy\">http:\/\/twitter.com\/privacy<\/a>.Twitter bietet Ihnen unter nachfolgendem Link die M\u00f6glichkeit, Ihre Datenschutzeinstellungen selbst festzulegen: <a href=\"http:\/\/twitter.com\/account\/settings\">http:\/\/twitter.com\/account\/settings<\/a>.<\/p>\n<p><strong>Ihre Rechte auf Auskunft, Berichtigung, Sperre, L\u00f6schung und Widerspruch<\/strong><\/p>\n<p>Sie haben das Recht, auf Antrag unentgeltlich eine Auskunft, \u00fcber die bei uns gespeicherten personenbezogenen Daten, anzufordern und\/oder eine Berichtigung, Sperrung oder L\u00f6schung zu verlangen. Ausnahmen: Es handelt sich um die vorgeschriebene Datenspeicherung zur Gesch\u00e4ftsabwicklung oder die Daten unterliegen der gesetzlichen Aufbewahrungspflicht.<\/p>\n<p>F\u00fcr diese Zwecke kontaktieren Sie bitte unseren Datenschutzbeauftragen (Kontaktdaten: am Ende der Datenschutzerkl\u00e4rung).<\/p>\n<p>Um eine Datensperre jederzeit ber\u00fccksichtigen zu k\u00f6nnen, ist es erforderlich, die Daten f\u00fcr Kontrollzwecke in einer Sperrdatei vorzuhalten. Besteht keine gesetzliche Archivierungspflicht, k\u00f6nnen Sie auch die L\u00f6schung der Daten verlangen. Anderenfalls sperren wir die Daten, sofern Sie dies w\u00fcnschen.<\/p>\n<p><strong>\u00c4nderung unserer Datenschutzerkl\u00e4rung<\/strong><\/p>\n<p>Um zu gew\u00e4hrleisten, dass unsere Datenschutzerkl\u00e4rung stets den aktuellen gesetzlichen Vorgaben entspricht, behalten wir uns jederzeit \u00c4nderungen vor. Das gilt auch f\u00fcr den Fall, dass die Datenschutzerkl\u00e4rung aufgrund neuer oder \u00fcberarbeiteter Leistungen, zum Beispiel neuer Serviceleistungen, angepasst werden muss. Die neue Datenschutzerkl\u00e4rung greift dann bei Ihrem n\u00e4chsten Besuch auf unserem Angebot.<\/p>\n<p>Quelle: Datenschutz-Konfigurator von <a href=\"http:\/\/www.mein-datenschutzbeauftragter.de\">mein-datenschutzbeauftragter.de<\/a><\/p>\n<p><strong>WordPress<\/strong><\/p>\n<p>Diese Website nutzt eine aktuelle Version der Blogsoftware WordPress, mit den Plugins Akismet (erg\u00e4nzt um Akismet Privacy Policies) und Jetpack, erg\u00e4nzt um WP DoNotTrack, um zu verhindern, dass Plugins oder Themes Tracking-Code oder Cookies zur Weiterleitung von Nutzerdaten an Dritte nutzen. N\u00e4heres zum Thema Datenverarbeitung bei WordPress auf <a href=\"https:\/\/wordpress.org\/about\/privacy\/\" target=\"_blank\" rel=\"noopener noreferrer\">WordPress.org\/about\/privacy<\/a>.<\/p>\n<\/div>\n","protected":false},"excerpt":{"rendered":"<p>Verantwortlich f\u00fcr den Inhalt dieser Website: Dr. Michael Behrendt - Text &amp; Konzeption - Franziusstra\u00dfe 8-14 (im PIER F) 60314 Frankfurt am Main ted.behrendt(at)t-online.de Fragen kostet ja nichts: Schreiben Sie mir eine E-Mail! www.behrendt-text.de USt-IdNr.: DE243369378 Steuernummer: 012 805 39 164 Trotz sorgf\u00e4ltiger inhaltlicher Kontrolle \u00fcbernimmt Text &amp; Konzeption keine Haftung f\u00fcr die Inhalte externer <a href=\"https:\/\/behrendt-text.de\/?page_id=112\" class=\"more-link\">...weiterlesen<span class=\"screen-reader-text\"> \"Kontakt      |      Impressum      |      Datenschutzerkl\u00e4rung\"<\/span><\/a><\/p>\n","protected":false},"author":1,"featured_media":124,"parent":0,"menu_order":0,"comment_status":"closed","ping_status":"closed","template":"","meta":{"footnotes":""},"class_list":["post-112","page","type-page","status-publish","has-post-thumbnail","h-entry","hentry","h-as-page"],"aioseo_notices":[],"_links":{"self":[{"href":"https:\/\/behrendt-text.de\/index.php?rest_route=\/wp\/v2\/pages\/112","targetHints":{"allow":["GET"]}}],"collection":[{"href":"https:\/\/behrendt-text.de\/index.php?rest_route=\/wp\/v2\/pages"}],"about":[{"href":"https:\/\/behrendt-text.de\/index.php?rest_route=\/wp\/v2\/types\/page"}],"author":[{"embeddable":true,"href":"https:\/\/behrendt-text.de\/index.php?rest_route=\/wp\/v2\/users\/1"}],"replies":[{"embeddable":true,"href":"https:\/\/behrendt-text.de\/index.php?rest_route=%2Fwp%2Fv2%2Fcomments&post=112"}],"version-history":[{"count":5,"href":"https:\/\/behrendt-text.de\/index.php?rest_route=\/wp\/v2\/pages\/112\/revisions"}],"predecessor-version":[{"id":561,"href":"https:\/\/behrendt-text.de\/index.php?rest_route=\/wp\/v2\/pages\/112\/revisions\/561"}],"wp:featuredmedia":[{"embeddable":true,"href":"https:\/\/behrendt-text.de\/index.php?rest_route=\/wp\/v2\/media\/124"}],"wp:attachment":[{"href":"https:\/\/behrendt-text.de\/index.php?rest_route=%2Fwp%2Fv2%2Fmedia&parent=112"}],"curies":[{"name":"wp","href":"https:\/\/api.w.org\/{rel}","templated":true}]}}