{"id":96,"date":"2016-08-30T15:16:16","date_gmt":"2016-08-30T15:16:16","guid":{"rendered":"http:\/\/homepage.behrendt-text.de\/?page_id=96"},"modified":"2016-09-16T13:07:40","modified_gmt":"2016-09-16T13:07:40","slug":"qualifikation","status":"publish","type":"page","link":"https:\/\/behrendt-text.de\/?page_id=96","title":{"rendered":"Qualifikation"},"content":{"rendered":"<p class=\"mbFett\"><span style=\"color: #ff6600; font-size: 14pt;\"><strong>Texten, Lesen, Konzipieren<\/strong><\/span><\/p>\n<p class=\"mbText\">Meine Textkompetenz habe ich durch ein sprach- und literaturwissenschaftliches Studium, vor allem aber als freier Autor, Zeitschriftenredakteur und -chefredakteur erworben. Rund 20 Jahre lang bin ich bei der Realisierung von Seiten und Themenstrecken immer wieder schreibend und lesend in die unterschiedlichsten Texte, Textsorten und Themen eingetaucht.<\/p>\n<p>Angefangen habe ich mit kleinen redaktionellen Beitr\u00e4gen, aber auch mit Pressetexten und Pressemappen f\u00fcr den Filmverleih 20th Century Fox und die Pressestelle von SAT 1. Sp\u00e4ter war ich Redaktionsleiter im Frankfurter B\u00fcro der bundesweit erscheinenden Lifestyle-Illustrierten PRINZ (1992\u20132000) und Chefredakteur der gro\u00dfen Stadtillustrierten JOURNAL FRANKFURT (2000\u20132004). Seit 2005 bin ich Freiberufler.<\/p>\n<p>Ich biete eine klare, an der Leserschaft orientierte Schreibe, sicheren Stil, inhaltliche Vielseitigkeit, saubere Recherchen, konzeptionelle Kreativit\u00e4t und ein Gef\u00fchl f\u00fcr die Feinheiten der alten und der neuen Rechtschreibung. Ein offenes Ohr f\u00fcr Kundenw\u00fcnsche ist f\u00fcr mich ebenso selbstverst\u00e4ndlich wie zeitliche und r\u00e4umliche Flexibilit\u00e4t. Durch Kontakte zu Grafikstudios, Druckereien, weiteren Textern und Fotografen sind auch Komplettl\u00f6sungen realisierbar.<\/p>\n","protected":false},"excerpt":{"rendered":"<p>Texten, Lesen, Konzipieren Meine Textkompetenz habe ich durch ein sprach- und literaturwissenschaftliches Studium, vor allem aber als freier Autor, Zeitschriftenredakteur und -chefredakteur erworben. Rund 20 Jahre lang bin ich bei der Realisierung von Seiten und Themenstrecken immer wieder schreibend und lesend in die unterschiedlichsten Texte, Textsorten und Themen eingetaucht. Angefangen habe ich mit kleinen redaktionellen <a href=\"https:\/\/behrendt-text.de\/?page_id=96\" class=\"more-link\">...weiterlesen<span class=\"screen-reader-text\"> \"Qualifikation\"<\/span><\/a><\/p>\n","protected":false},"author":1,"featured_media":83,"parent":0,"menu_order":0,"comment_status":"closed","ping_status":"closed","template":"","meta":{"footnotes":""},"class_list":["post-96","page","type-page","status-publish","has-post-thumbnail","h-entry","hentry","h-as-page"],"aioseo_notices":[],"_links":{"self":[{"href":"https:\/\/behrendt-text.de\/index.php?rest_route=\/wp\/v2\/pages\/96","targetHints":{"allow":["GET"]}}],"collection":[{"href":"https:\/\/behrendt-text.de\/index.php?rest_route=\/wp\/v2\/pages"}],"about":[{"href":"https:\/\/behrendt-text.de\/index.php?rest_route=\/wp\/v2\/types\/page"}],"author":[{"embeddable":true,"href":"https:\/\/behrendt-text.de\/index.php?rest_route=\/wp\/v2\/users\/1"}],"replies":[{"embeddable":true,"href":"https:\/\/behrendt-text.de\/index.php?rest_route=%2Fwp%2Fv2%2Fcomments&post=96"}],"version-history":[{"count":3,"href":"https:\/\/behrendt-text.de\/index.php?rest_route=\/wp\/v2\/pages\/96\/revisions"}],"predecessor-version":[{"id":350,"href":"https:\/\/behrendt-text.de\/index.php?rest_route=\/wp\/v2\/pages\/96\/revisions\/350"}],"wp:featuredmedia":[{"embeddable":true,"href":"https:\/\/behrendt-text.de\/index.php?rest_route=\/wp\/v2\/media\/83"}],"wp:attachment":[{"href":"https:\/\/behrendt-text.de\/index.php?rest_route=%2Fwp%2Fv2%2Fmedia&parent=96"}],"curies":[{"name":"wp","href":"https:\/\/api.w.org\/{rel}","templated":true}]}}